{"id":38,"date":"2015-11-13T12:23:54","date_gmt":"2015-11-13T12:23:53","guid":{"rendered":"https:\/\/www.sfccmo.edu\/offices-services\/offices-services\/career-services\/career-development-resources\/resumes\/"},"modified":"2020-07-14T07:36:04","modified_gmt":"2020-07-14T13:36:04","slug":"resumes-cover-letters","status":"publish","type":"page","link":"https:\/\/www.sfccmo.edu\/offices-services\/career-services\/career-development-resources\/resumes-cover-letters\/","title":{"rendered":"R\u00e9sum\u00e9s &#038; Cover Letters"},"content":{"rendered":"<p class=\"lead\">Creating a professional r\u00e9sum\u00e9 and cover letters is key.<\/p>\n<p>It can seem overwhelming, especially if this is your first r\u00e9sum\u00e9\u2014but we can help make the process easier.<\/p>\n<p>Make an appointment at our&nbsp;office and we\u2019ll give you personalized help and information&nbsp;on how to build a strong r\u00e9sum\u00e9 and craft&nbsp;great cover letters.<\/p>\n<p>We\u2019ve provided a R\u00e9sum\u00e9 and Cover Letter Guide and several helpful documents. You\u2019ll find sample r\u00e9sum\u00e9s&nbsp;and cover letters, a r\u00e9sum\u00e9 worksheet and even a list of action verbs you can use. It\u2019s a great place to start.<\/p>\n<p>If you\u2019ve already created a r\u00e9sum\u00e9 and cover letters and would like us&nbsp;to review them before you send them, just let us know!&nbsp;Email <a href=\"mailto:careerservices@sfccmo.edu\">careerservices@sfccmo.edu<\/a> and include your documents in a Word document with your&nbsp;request.<\/p>\n<p>Please send your request and materials at least 48 hours in advance so we have time to review them and return them to you in a timely manner.<\/p>\n<p>Call or email today for an appointment, and let\u2019s get you another step closer to success!<\/p>\n<p>You can also utilize the resume builder in <a href=\"https:\/\/www.collegecentral.com\/\">College Central Network<\/a> to create your resume!<\/p>\n","protected":false},"excerpt":{"rendered":"<p>Creating a professional r\u00e9sum\u00e9 and cover letters is key. It can seem overwhelming, especially if this is your first r\u00e9sum\u00e9\u2014but we can help make the process easier. Make an appointment &#8230; <a class=\"read-more\" title=\"Read more about R\u00e9sum\u00e9s &#038; Cover Letters\" href=\"https:\/\/www.sfccmo.edu\/offices-services\/career-services\/career-development-resources\/resumes-cover-letters\/\"><span class=\"screen-reader-text\">Read more about R\u00e9sum\u00e9s &#038; Cover Letters.<\/span> [Read More]<\/a><\/p>\n","protected":false},"author":1,"featured_media":0,"parent":35,"menu_order":0,"comment_status":"closed","ping_status":"closed","template":"","meta":{"_acf_changed":false,"ngg_post_thumbnail":0,"footnotes":""},"class_list":["post-38","page","type-page","status-publish","hentry"],"acf":[],"yoast_head":"<!-- This site is optimized with the Yoast SEO plugin v26.6 - https:\/\/yoast.com\/wordpress\/plugins\/seo\/ -->\n<title>R\u00e9sum\u00e9s &amp; Cover Letters - State Fair Community College<\/title>\n<meta name=\"description\" content=\"SFCC&#039;s Career Services can show you how to build a strong resume and write great cover letters.\" \/>\n<meta name=\"robots\" content=\"index, follow, max-snippet:-1, max-image-preview:large, max-video-preview:-1\" \/>\n<link rel=\"canonical\" href=\"https:\/\/www.sfccmo.edu\/offices-services\/career-services\/career-development-resources\/resumes-cover-letters\/\" \/>\n<meta property=\"og:locale\" content=\"en_US\" \/>\n<meta property=\"og:type\" content=\"article\" \/>\n<meta property=\"og:title\" content=\"R\u00e9sum\u00e9s &amp; Cover Letters - State Fair Community College\" \/>\n<meta property=\"og:description\" content=\"SFCC&#039;s Career Services can show you how to build a strong resume and write great cover letters.\" \/>\n<meta property=\"og:url\" content=\"https:\/\/www.sfccmo.edu\/offices-services\/career-services\/career-development-resources\/resumes-cover-letters\/\" \/>\n<meta property=\"og:site_name\" content=\"Offices &amp; Services\" \/>\n<meta property=\"article:publisher\" content=\"https:\/\/www.facebook.com\/sfccmo\/\" \/>\n<meta property=\"article:modified_time\" content=\"2020-07-14T13:36:04+00:00\" \/>\n<meta name=\"twitter:card\" content=\"summary_large_image\" \/>\n<meta name=\"twitter:site\" content=\"@sfccmo\" \/>\n<meta name=\"twitter:label1\" content=\"Est. reading time\" \/>\n\t<meta name=\"twitter:data1\" content=\"1 minute\" \/>\n<script type=\"application\/ld+json\" class=\"yoast-schema-graph\">{\"@context\":\"https:\/\/schema.org\",\"@graph\":[{\"@type\":\"WebPage\",\"@id\":\"https:\/\/www.sfccmo.edu\/offices-services\/career-services\/career-development-resources\/resumes-cover-letters\/\",\"url\":\"https:\/\/www.sfccmo.edu\/offices-services\/career-services\/career-development-resources\/resumes-cover-letters\/\",\"name\":\"R\u00e9sum\u00e9s & Cover Letters - State Fair Community College\",\"isPartOf\":{\"@id\":\"https:\/\/www.sfccmo.edu\/offices-services\/#website\"},\"datePublished\":\"2015-11-13T12:23:53+00:00\",\"dateModified\":\"2020-07-14T13:36:04+00:00\",\"description\":\"SFCC's Career Services can show you how to build a strong resume and write great cover letters.\",\"breadcrumb\":{\"@id\":\"https:\/\/www.sfccmo.edu\/offices-services\/career-services\/career-development-resources\/resumes-cover-letters\/#breadcrumb\"},\"inLanguage\":\"en-US\",\"potentialAction\":[{\"@type\":\"ReadAction\",\"target\":[\"https:\/\/www.sfccmo.edu\/offices-services\/career-services\/career-development-resources\/resumes-cover-letters\/\"]}]},{\"@type\":\"BreadcrumbList\",\"@id\":\"https:\/\/www.sfccmo.edu\/offices-services\/career-services\/career-development-resources\/resumes-cover-letters\/#breadcrumb\",\"itemListElement\":[{\"@type\":\"ListItem\",\"position\":1,\"name\":\"Home\",\"item\":\"https:\/\/www.sfccmo.edu\/offices-services\/\"},{\"@type\":\"ListItem\",\"position\":2,\"name\":\"Career Services\",\"item\":\"https:\/\/www.sfccmo.edu\/offices-services\/career-services\/\"},{\"@type\":\"ListItem\",\"position\":3,\"name\":\"Career Development Resources\",\"item\":\"https:\/\/www.sfccmo.edu\/offices-services\/career-services\/career-development-resources\/\"},{\"@type\":\"ListItem\",\"position\":4,\"name\":\"R\u00e9sum\u00e9s &#038; Cover Letters\"}]},{\"@type\":\"WebSite\",\"@id\":\"https:\/\/www.sfccmo.edu\/offices-services\/#website\",\"url\":\"https:\/\/www.sfccmo.edu\/offices-services\/\",\"name\":\"Offices &amp; Services\",\"description\":\"State Fair Community College\",\"potentialAction\":[{\"@type\":\"SearchAction\",\"target\":{\"@type\":\"EntryPoint\",\"urlTemplate\":\"https:\/\/www.sfccmo.edu\/offices-services\/?s={search_term_string}\"},\"query-input\":{\"@type\":\"PropertyValueSpecification\",\"valueRequired\":true,\"valueName\":\"search_term_string\"}}],\"inLanguage\":\"en-US\"}]}<\/script>\n<!-- \/ Yoast SEO plugin. -->","yoast_head_json":{"title":"R\u00e9sum\u00e9s & Cover Letters - State Fair Community College","description":"SFCC's Career Services can show you how to build a strong resume and write great cover letters.","robots":{"index":"index","follow":"follow","max-snippet":"max-snippet:-1","max-image-preview":"max-image-preview:large","max-video-preview":"max-video-preview:-1"},"canonical":"https:\/\/www.sfccmo.edu\/offices-services\/career-services\/career-development-resources\/resumes-cover-letters\/","og_locale":"en_US","og_type":"article","og_title":"R\u00e9sum\u00e9s & Cover Letters - State Fair Community College","og_description":"SFCC's Career Services can show you how to build a strong resume and write great cover letters.","og_url":"https:\/\/www.sfccmo.edu\/offices-services\/career-services\/career-development-resources\/resumes-cover-letters\/","og_site_name":"Offices &amp; Services","article_publisher":"https:\/\/www.facebook.com\/sfccmo\/","article_modified_time":"2020-07-14T13:36:04+00:00","twitter_card":"summary_large_image","twitter_site":"@sfccmo","twitter_misc":{"Est. reading time":"1 minute"},"schema":{"@context":"https:\/\/schema.org","@graph":[{"@type":"WebPage","@id":"https:\/\/www.sfccmo.edu\/offices-services\/career-services\/career-development-resources\/resumes-cover-letters\/","url":"https:\/\/www.sfccmo.edu\/offices-services\/career-services\/career-development-resources\/resumes-cover-letters\/","name":"R\u00e9sum\u00e9s & Cover Letters - State Fair Community College","isPartOf":{"@id":"https:\/\/www.sfccmo.edu\/offices-services\/#website"},"datePublished":"2015-11-13T12:23:53+00:00","dateModified":"2020-07-14T13:36:04+00:00","description":"SFCC's Career Services can show you how to build a strong resume and write great cover letters.","breadcrumb":{"@id":"https:\/\/www.sfccmo.edu\/offices-services\/career-services\/career-development-resources\/resumes-cover-letters\/#breadcrumb"},"inLanguage":"en-US","potentialAction":[{"@type":"ReadAction","target":["https:\/\/www.sfccmo.edu\/offices-services\/career-services\/career-development-resources\/resumes-cover-letters\/"]}]},{"@type":"BreadcrumbList","@id":"https:\/\/www.sfccmo.edu\/offices-services\/career-services\/career-development-resources\/resumes-cover-letters\/#breadcrumb","itemListElement":[{"@type":"ListItem","position":1,"name":"Home","item":"https:\/\/www.sfccmo.edu\/offices-services\/"},{"@type":"ListItem","position":2,"name":"Career Services","item":"https:\/\/www.sfccmo.edu\/offices-services\/career-services\/"},{"@type":"ListItem","position":3,"name":"Career Development Resources","item":"https:\/\/www.sfccmo.edu\/offices-services\/career-services\/career-development-resources\/"},{"@type":"ListItem","position":4,"name":"R\u00e9sum\u00e9s &#038; Cover Letters"}]},{"@type":"WebSite","@id":"https:\/\/www.sfccmo.edu\/offices-services\/#website","url":"https:\/\/www.sfccmo.edu\/offices-services\/","name":"Offices &amp; Services","description":"State Fair Community College","potentialAction":[{"@type":"SearchAction","target":{"@type":"EntryPoint","urlTemplate":"https:\/\/www.sfccmo.edu\/offices-services\/?s={search_term_string}"},"query-input":{"@type":"PropertyValueSpecification","valueRequired":true,"valueName":"search_term_string"}}],"inLanguage":"en-US"}]}},"_links":{"self":[{"href":"https:\/\/www.sfccmo.edu\/offices-services\/wp-json\/wp\/v2\/pages\/38","targetHints":{"allow":["GET"]}}],"collection":[{"href":"https:\/\/www.sfccmo.edu\/offices-services\/wp-json\/wp\/v2\/pages"}],"about":[{"href":"https:\/\/www.sfccmo.edu\/offices-services\/wp-json\/wp\/v2\/types\/page"}],"author":[{"embeddable":true,"href":"https:\/\/www.sfccmo.edu\/offices-services\/wp-json\/wp\/v2\/users\/1"}],"replies":[{"embeddable":true,"href":"https:\/\/www.sfccmo.edu\/offices-services\/wp-json\/wp\/v2\/comments?post=38"}],"version-history":[{"count":0,"href":"https:\/\/www.sfccmo.edu\/offices-services\/wp-json\/wp\/v2\/pages\/38\/revisions"}],"up":[{"embeddable":true,"href":"https:\/\/www.sfccmo.edu\/offices-services\/wp-json\/wp\/v2\/pages\/35"}],"wp:attachment":[{"href":"https:\/\/www.sfccmo.edu\/offices-services\/wp-json\/wp\/v2\/media?parent=38"}],"curies":[{"name":"wp","href":"https:\/\/api.w.org\/{rel}","templated":true}]}}