{"id":26,"date":"2015-11-13T12:23:50","date_gmt":"2015-11-13T12:23:50","guid":{"rendered":"https:\/\/www.sfccmo.edu\/about-sfcc\/about-sfcc\/non-discrimination-accommodations-policy\/"},"modified":"2026-03-23T12:26:21","modified_gmt":"2026-03-23T18:26:21","slug":"non-discrimination-accommodations-policy","status":"publish","type":"page","link":"https:\/\/www.sfccmo.edu\/about\/non-discrimination-accommodations-policy\/","title":{"rendered":"Non-Discrimination &#038; Accommodations Policy"},"content":{"rendered":"<h4 style=\"color: #222;\">Nondiscrimination and Accommodations<\/h4>\n<p>State Fair Community College does not discriminate on the basis of race, color, national origin, sex, disability, religion, sexual orientation, veteran status, or age in its programs and activities or in employment.<\/p>\n<p>State Fair Community College is an Equal Opportunity Employer\/Program. Auxiliary aids and services are available upon request to individuals with disabilities. Missouri Relay service at 711.<\/p>\n<p>The following persons have been designated to handle inquiries regarding the nondiscrimination policy: Director of Human Resources, Hopkins Student Services Center, (660) 596-7484, or Dean of Student Services, Hopkins Student Services Center, (660) 596-7393. The Hopkins Center is located on SFCC\u2019s Sedalia campus at 3201 W. 16th St., Sedalia, MO 65301. Inquiries also may be directed to the U.S. Department of Education, Office of Civil Rights at OCR.KansasCity@ed.gov.<\/p>\n<p>Interested persons may obtain information as to the existence and location of services, activities and facilities at State Fair Community College that are accessible to and usable by persons with disabilities by contacting the Disability Resource Center, Yeater Learning Center, Room 159, SFCC, 3201 W. 16th Street, Sedalia, MO 65301, (660) 530-5832.<\/p>\n<h4 style=\"color: #222;\">Ley de Amoldamiento y No discriminaci\u00f3n<\/h4>\n<p>State Fair Community College no discrimina a causa de la raza, nacionalidad, sexo, la discapacidad, religi\u00f3n, tendencia sexual, estatus de los veteranos de las Fuerzas Armadas, o edad en todos sus programas y actividades o empleo.<\/p>\n<p>State Fair Community College es un empleador \/ programa de igualdad de oportunidades. Las ayudas y servicios auxiliares est\u00e1n disponibles a pedido para personas con discapacidades. Servicio de retransmisi\u00f3n de Missouri al 711.<\/p>\n<p>Las personas que siguen han sido encargadas de tratar la informaci\u00f3n cerca de la Ley de no discriminaci\u00f3n: Director de los Recursos Humanos, Hopkins, Centro de Servicios para los Estudiantes. Tel. (660) 596-7484, o Decano de Estudiantes y Servicios de Apoyo Acad\u00e9mico, Centro de Servicios para los Estudiantes Hopkins. Tel.(660) 596-7393. El centro Hopkins est\u00e1 ubicado en State Fair Community College en el campus de Sedalia en la Calle W.16th, 3201 en Sedalia, Missouri 65301. Se puede inquirir por m\u00e1s informaci\u00f3n al Departamento Estadunidense de la Educaci\u00f3n, oficina de Los Derechos Humanos OCR.KansasCity@ed.gov.<\/p>\n<p>Las personas interesadas pueden recibir m\u00e1s informaciones en los locales de servicios de State Fair Community College que son disponibles y accesibles a las personas con discapacidades contactando el Centro de recursos para discapacitados, Yeater Learning Center, habitaci\u00f3n 159, State Fair Community College, Calle W. 16th 3201 en Sedalia, Missouri 65301. Tel. (660) 530-5832.<\/p>\n","protected":false},"excerpt":{"rendered":"<p>Nondiscrimination and Accommodations State Fair Community College does not discriminate on the basis of race, color, national origin, sex, disability, religion, sexual orientation, veteran status, or age in its programs &#8230; <a class=\"read-more\" title=\"Read more about Non-Discrimination &#038; Accommodations Policy\" href=\"https:\/\/www.sfccmo.edu\/about\/non-discrimination-accommodations-policy\/\"><span class=\"screen-reader-text\">Read more about Non-Discrimination &#038; Accommodations Policy.<\/span> [Read More]<\/a><\/p>\n","protected":false},"author":1,"featured_media":0,"parent":0,"menu_order":22,"comment_status":"closed","ping_status":"closed","template":"","meta":{"_acf_changed":false,"ngg_post_thumbnail":0,"footnotes":""},"class_list":["post-26","page","type-page","status-publish","hentry"],"acf":[],"yoast_head":"<!-- This site is optimized with the Yoast SEO plugin v26.6 - https:\/\/yoast.com\/wordpress\/plugins\/seo\/ -->\n<title>Non-Discrimination &amp; Accommodations Policy - State Fair Community College<\/title>\n<meta name=\"description\" content=\"State Fair Community College does not discriminate on the basis of race, nationality, religion, sexual orientation, age, or veteran status.\" \/>\n<meta name=\"robots\" content=\"index, follow, max-snippet:-1, max-image-preview:large, max-video-preview:-1\" \/>\n<link rel=\"canonical\" href=\"https:\/\/www.sfccmo.edu\/about\/non-discrimination-accommodations-policy\/\" \/>\n<meta property=\"og:locale\" content=\"en_US\" \/>\n<meta property=\"og:type\" content=\"article\" \/>\n<meta property=\"og:title\" content=\"Non-Discrimination &amp; Accommodations Policy - State Fair Community College\" \/>\n<meta property=\"og:description\" content=\"State Fair Community College does not discriminate on the basis of race, nationality, religion, sexual orientation, age, or veteran status.\" \/>\n<meta property=\"og:url\" content=\"https:\/\/www.sfccmo.edu\/about\/non-discrimination-accommodations-policy\/\" \/>\n<meta property=\"og:site_name\" content=\"About SFCC\" \/>\n<meta property=\"article:publisher\" content=\"https:\/\/www.facebook.com\/sfccmo\/\" \/>\n<meta property=\"article:modified_time\" content=\"2026-03-23T18:26:21+00:00\" \/>\n<meta name=\"twitter:card\" content=\"summary_large_image\" \/>\n<meta name=\"twitter:site\" content=\"@sfccmo\" \/>\n<meta name=\"twitter:label1\" content=\"Est. reading time\" \/>\n\t<meta name=\"twitter:data1\" content=\"2 minutes\" \/>\n<script type=\"application\/ld+json\" class=\"yoast-schema-graph\">{\"@context\":\"https:\/\/schema.org\",\"@graph\":[{\"@type\":\"WebPage\",\"@id\":\"https:\/\/www.sfccmo.edu\/about\/non-discrimination-accommodations-policy\/\",\"url\":\"https:\/\/www.sfccmo.edu\/about\/non-discrimination-accommodations-policy\/\",\"name\":\"Non-Discrimination & Accommodations Policy - State Fair Community College\",\"isPartOf\":{\"@id\":\"https:\/\/www.sfccmo.edu\/about\/#website\"},\"datePublished\":\"2015-11-13T12:23:50+00:00\",\"dateModified\":\"2026-03-23T18:26:21+00:00\",\"description\":\"State Fair Community College does not discriminate on the basis of race, nationality, religion, sexual orientation, age, or veteran status.\",\"breadcrumb\":{\"@id\":\"https:\/\/www.sfccmo.edu\/about\/non-discrimination-accommodations-policy\/#breadcrumb\"},\"inLanguage\":\"en-US\",\"potentialAction\":[{\"@type\":\"ReadAction\",\"target\":[\"https:\/\/www.sfccmo.edu\/about\/non-discrimination-accommodations-policy\/\"]}]},{\"@type\":\"BreadcrumbList\",\"@id\":\"https:\/\/www.sfccmo.edu\/about\/non-discrimination-accommodations-policy\/#breadcrumb\",\"itemListElement\":[{\"@type\":\"ListItem\",\"position\":1,\"name\":\"Home\",\"item\":\"https:\/\/www.sfccmo.edu\/about\/\"},{\"@type\":\"ListItem\",\"position\":2,\"name\":\"Non-Discrimination &#038; Accommodations Policy\"}]},{\"@type\":\"WebSite\",\"@id\":\"https:\/\/www.sfccmo.edu\/about\/#website\",\"url\":\"https:\/\/www.sfccmo.edu\/about\/\",\"name\":\"About SFCC\",\"description\":\"State Fair Community College\",\"potentialAction\":[{\"@type\":\"SearchAction\",\"target\":{\"@type\":\"EntryPoint\",\"urlTemplate\":\"https:\/\/www.sfccmo.edu\/about\/?s={search_term_string}\"},\"query-input\":{\"@type\":\"PropertyValueSpecification\",\"valueRequired\":true,\"valueName\":\"search_term_string\"}}],\"inLanguage\":\"en-US\"}]}<\/script>\n<!-- \/ Yoast SEO plugin. -->","yoast_head_json":{"title":"Non-Discrimination & Accommodations Policy - State Fair Community College","description":"State Fair Community College does not discriminate on the basis of race, nationality, religion, sexual orientation, age, or veteran status.","robots":{"index":"index","follow":"follow","max-snippet":"max-snippet:-1","max-image-preview":"max-image-preview:large","max-video-preview":"max-video-preview:-1"},"canonical":"https:\/\/www.sfccmo.edu\/about\/non-discrimination-accommodations-policy\/","og_locale":"en_US","og_type":"article","og_title":"Non-Discrimination & Accommodations Policy - State Fair Community College","og_description":"State Fair Community College does not discriminate on the basis of race, nationality, religion, sexual orientation, age, or veteran status.","og_url":"https:\/\/www.sfccmo.edu\/about\/non-discrimination-accommodations-policy\/","og_site_name":"About SFCC","article_publisher":"https:\/\/www.facebook.com\/sfccmo\/","article_modified_time":"2026-03-23T18:26:21+00:00","twitter_card":"summary_large_image","twitter_site":"@sfccmo","twitter_misc":{"Est. reading time":"2 minutes"},"schema":{"@context":"https:\/\/schema.org","@graph":[{"@type":"WebPage","@id":"https:\/\/www.sfccmo.edu\/about\/non-discrimination-accommodations-policy\/","url":"https:\/\/www.sfccmo.edu\/about\/non-discrimination-accommodations-policy\/","name":"Non-Discrimination & Accommodations Policy - State Fair Community College","isPartOf":{"@id":"https:\/\/www.sfccmo.edu\/about\/#website"},"datePublished":"2015-11-13T12:23:50+00:00","dateModified":"2026-03-23T18:26:21+00:00","description":"State Fair Community College does not discriminate on the basis of race, nationality, religion, sexual orientation, age, or veteran status.","breadcrumb":{"@id":"https:\/\/www.sfccmo.edu\/about\/non-discrimination-accommodations-policy\/#breadcrumb"},"inLanguage":"en-US","potentialAction":[{"@type":"ReadAction","target":["https:\/\/www.sfccmo.edu\/about\/non-discrimination-accommodations-policy\/"]}]},{"@type":"BreadcrumbList","@id":"https:\/\/www.sfccmo.edu\/about\/non-discrimination-accommodations-policy\/#breadcrumb","itemListElement":[{"@type":"ListItem","position":1,"name":"Home","item":"https:\/\/www.sfccmo.edu\/about\/"},{"@type":"ListItem","position":2,"name":"Non-Discrimination &#038; Accommodations Policy"}]},{"@type":"WebSite","@id":"https:\/\/www.sfccmo.edu\/about\/#website","url":"https:\/\/www.sfccmo.edu\/about\/","name":"About SFCC","description":"State Fair Community College","potentialAction":[{"@type":"SearchAction","target":{"@type":"EntryPoint","urlTemplate":"https:\/\/www.sfccmo.edu\/about\/?s={search_term_string}"},"query-input":{"@type":"PropertyValueSpecification","valueRequired":true,"valueName":"search_term_string"}}],"inLanguage":"en-US"}]}},"_links":{"self":[{"href":"https:\/\/www.sfccmo.edu\/about\/wp-json\/wp\/v2\/pages\/26","targetHints":{"allow":["GET"]}}],"collection":[{"href":"https:\/\/www.sfccmo.edu\/about\/wp-json\/wp\/v2\/pages"}],"about":[{"href":"https:\/\/www.sfccmo.edu\/about\/wp-json\/wp\/v2\/types\/page"}],"author":[{"embeddable":true,"href":"https:\/\/www.sfccmo.edu\/about\/wp-json\/wp\/v2\/users\/1"}],"replies":[{"embeddable":true,"href":"https:\/\/www.sfccmo.edu\/about\/wp-json\/wp\/v2\/comments?post=26"}],"version-history":[{"count":0,"href":"https:\/\/www.sfccmo.edu\/about\/wp-json\/wp\/v2\/pages\/26\/revisions"}],"wp:attachment":[{"href":"https:\/\/www.sfccmo.edu\/about\/wp-json\/wp\/v2\/media?parent=26"}],"curies":[{"name":"wp","href":"https:\/\/api.w.org\/{rel}","templated":true}]}}